{"id":103,"date":"2025-06-01T00:31:28","date_gmt":"2025-06-01T00:31:28","guid":{"rendered":"https:\/\/autopowerflorida.com\/?page_id=103"},"modified":"2025-06-01T00:31:28","modified_gmt":"2025-06-01T00:31:28","slug":"generacion-y-clonacion-de-llaves","status":"publish","type":"page","link":"https:\/\/autopowerflorida.com\/?page_id=103","title":{"rendered":"Generaci\u00f3n y Clonaci\u00f3n de llaves"},"content":{"rendered":"\n<p>Para la <strong>programaci\u00f3n y generaci\u00f3n de llaves de auto<\/strong>, puedes considerar lo siguiente:<\/p>\n\n\n\n<ul class=\"wp-block-list\">\n<li><strong>Software de Programaci\u00f3n<\/strong>: Existen diversas herramientas de software que permiten programar llaves de autos, como Autel IM608 Pro y OTOFIX IM1, que son utilizadas por profesionales para comunicarse con el sistema electr\u00f3nico del veh\u00edculo<a href=\"https:\/\/www.bing.com\/ck\/a?!&amp;&amp;p=b02b61ebb0deca7b8a7ee12f78f90c0af91c7fe58fd1b5d94acc188b4887e5e5JmltdHM9MTc0ODY0OTYwMA&amp;ptn=3&amp;ver=2&amp;hsh=4&amp;fclid=26a50939-f6fe-6382-25d6-1ce3f7e462e5&amp;u=a1aHR0cHM6Ly9hY2FkZW1pYXhyYXkuY2wvYmxvZy9zb2Z0d2FyZS1wYXJhLXByb2dyYW1hci1sbGF2ZXMtZGUtYXV0b3Mv&amp;ntb=1\" target=\"_blank\" rel=\"noreferrer noopener\"><sup>1<\/sup><\/a>.<\/li>\n\n\n\n<li><strong>Proceso de Programaci\u00f3n<\/strong>: Para programar una llave, es necesario encender el contacto y apagarlo con las llaves de servicio. Luego, se debe insertar la llave programada en el contacto y girarla para activar el sistema el\u00e9ctrico del auto<a href=\"https:\/\/www.bing.com\/ck\/a?!&amp;&amp;p=da935ca787a200b7422741930d4273be2cd65b074fdca346959469223a030bffJmltdHM9MTc0ODY0OTYwMA&amp;ptn=3&amp;ver=2&amp;hsh=4&amp;fclid=26a50939-f6fe-6382-25d6-1ce3f7e462e5&amp;u=a1aHR0cHM6Ly9lcy53aWtpaG93LmNvbS9wcm9ncmFtYXItbGEtbGxhdmUtZGUtdW4tYXV0bw&amp;ntb=1\" target=\"_blank\" rel=\"noreferrer noopener\"><sup>2<\/sup><\/a>.<\/li>\n\n\n\n<li><strong>Tipos de Llaves<\/strong>: Las llaves electr\u00f3nicas cuentan con un sistema de se\u00f1al codificado que solo permite el acceso al veh\u00edculo con la llave correcta. Estas llaves requieren programaci\u00f3n para funcionar correctamente<a href=\"https:\/\/www.bing.com\/ck\/a?!&amp;&amp;p=31ce5906c659bc408e188695c6a46ae87ffe1dc5758520de007d952c9051b993JmltdHM9MTc0ODY0OTYwMA&amp;ptn=3&amp;ver=2&amp;hsh=4&amp;fclid=26a50939-f6fe-6382-25d6-1ce3f7e462e5&amp;u=a1aHR0cHM6Ly9lbG1lam9yc29mdHdhcmUuY29tL2xvcy0zLW1lam9yZXMtc29mdHdhcmUtcGFyYS1wcm9ncmFtYXItbGxhdmVzLWRlLWF1dG9zLw&amp;ntb=1\" target=\"_blank\" rel=\"noreferrer noopener\"><sup>3<\/sup><\/a>.<\/li>\n\n\n\n<li><strong>Herramientas Esenciales<\/strong>: Para programar llaves, es importante contar con herramientas como m\u00e1quinas de programaci\u00f3n de llaves y lectores de OBD2, que son esenciales para acceder a los sistemas de los veh\u00edculos<a href=\"https:\/\/www.bing.com\/ck\/a?!&amp;&amp;p=9e0676009afc840e529e1ceeeba5e061370e983f1efc6a16a5016fc5c98e15caJmltdHM9MTc0ODY0OTYwMA&amp;ptn=3&amp;ver=2&amp;hsh=4&amp;fclid=26a50939-f6fe-6382-25d6-1ce3f7e462e5&amp;u=a1aHR0cHM6Ly9sbGF2ZXN5Y29udHJvbGVzLmNvbS8yMDI0LzExLzA2L2NvbW8tcHJvZ3JhbWFyLWxsYXZlcy1kZS1jb2NoZS8&amp;ntb=1\" target=\"_blank\" rel=\"noreferrer noopener\"><sup>5<\/sup><\/a>.<\/li>\n\n\n\n<li><strong>Programadores de Llaves<\/strong>: Existen programadores de llaves que permiten programar llaves electr\u00f3nicas para una amplia variedad de veh\u00edculos, lo que puede ahorrar tiempo y dinero en comparaci\u00f3n con visitar un concesionario<\/li>\n<\/ul>\n","protected":false},"excerpt":{"rendered":"<p>Para la programaci\u00f3n y generaci\u00f3n de llaves de auto, puedes considerar lo siguiente:<\/p>\n","protected":false},"author":1,"featured_media":0,"parent":0,"menu_order":0,"comment_status":"closed","ping_status":"closed","template":"","meta":{"_acf_changed":false,"pagelayer_contact_templates":[],"_pagelayer_content":"","footnotes":""},"class_list":["post-103","page","type-page","status-publish","hentry"],"acf":[],"_links":{"self":[{"href":"https:\/\/autopowerflorida.com\/index.php?rest_route=\/wp\/v2\/pages\/103","targetHints":{"allow":["GET"]}}],"collection":[{"href":"https:\/\/autopowerflorida.com\/index.php?rest_route=\/wp\/v2\/pages"}],"about":[{"href":"https:\/\/autopowerflorida.com\/index.php?rest_route=\/wp\/v2\/types\/page"}],"author":[{"embeddable":true,"href":"https:\/\/autopowerflorida.com\/index.php?rest_route=\/wp\/v2\/users\/1"}],"replies":[{"embeddable":true,"href":"https:\/\/autopowerflorida.com\/index.php?rest_route=%2Fwp%2Fv2%2Fcomments&post=103"}],"version-history":[{"count":1,"href":"https:\/\/autopowerflorida.com\/index.php?rest_route=\/wp\/v2\/pages\/103\/revisions"}],"predecessor-version":[{"id":105,"href":"https:\/\/autopowerflorida.com\/index.php?rest_route=\/wp\/v2\/pages\/103\/revisions\/105"}],"wp:attachment":[{"href":"https:\/\/autopowerflorida.com\/index.php?rest_route=%2Fwp%2Fv2%2Fmedia&parent=103"}],"curies":[{"name":"wp","href":"https:\/\/api.w.org\/{rel}","templated":true}]}}