{"id":113,"date":"2025-06-01T00:41:30","date_gmt":"2025-06-01T00:41:30","guid":{"rendered":"https:\/\/autopowerflorida.com\/?page_id=113"},"modified":"2025-06-01T00:41:30","modified_gmt":"2025-06-01T00:41:30","slug":"diagnostico-automotor","status":"publish","type":"page","link":"https:\/\/autopowerflorida.com\/?page_id=113","title":{"rendered":"Diagnostico automotor"},"content":{"rendered":"\n<p>El&nbsp;<strong>diagn\u00f3stico del auto<\/strong>&nbsp;es un proceso esencial para identificar y resolver problemas en un veh\u00edculo. Este proceso implica varias etapas, que incluyen:<\/p>\n\n\n\n<ul class=\"wp-block-list\">\n<li><strong>Inspecci\u00f3n visual<\/strong>: Se busca signos visibles de problemas, como fugas de l\u00edquidos o partes da\u00f1adas.\u00a0<a href=\"https:\/\/www.bing.com\/ck\/a?!&amp;&amp;p=57e6ec7c6646eb7778975309840eae912f4a078451ee7ae0ffd35764abb93324JmltdHM9MTc0ODY0OTYwMA&amp;ptn=3&amp;ver=2&amp;hsh=4&amp;fclid=26a50939-f6fe-6382-25d6-1ce3f7e462e5&amp;u=a1aHR0cHM6Ly9paWFtbXguY29tL2Jsb2cvcHJvY2Vzby1kZS1kaWFnbm9zdGljby1hdXRvbW90cml6Lw&amp;ntb=1\" target=\"_blank\" rel=\"noreferrer noopener\"><\/a><a href=\"https:\/\/www.bing.com\/ck\/a?!&amp;&amp;p=57e6ec7c6646eb7778975309840eae912f4a078451ee7ae0ffd35764abb93324JmltdHM9MTc0ODY0OTYwMA&amp;ptn=3&amp;ver=2&amp;hsh=4&amp;fclid=26a50939-f6fe-6382-25d6-1ce3f7e462e5&amp;u=a1aHR0cHM6Ly9paWFtbXguY29tL2Jsb2cvcHJvY2Vzby1kZS1kaWFnbm9zdGljby1hdXRvbW90cml6Lw&amp;ntb=1\" target=\"_blank\" rel=\"noreferrer noopener\"><\/a><a href=\"https:\/\/www.bing.com\/ck\/a?!&amp;&amp;p=57e6ec7c6646eb7778975309840eae912f4a078451ee7ae0ffd35764abb93324JmltdHM9MTc0ODY0OTYwMA&amp;ptn=3&amp;ver=2&amp;hsh=4&amp;fclid=26a50939-f6fe-6382-25d6-1ce3f7e462e5&amp;u=a1aHR0cHM6Ly9paWFtbXguY29tL2Jsb2cvcHJvY2Vzby1kZS1kaWFnbm9zdGljby1hdXRvbW90cml6Lw&amp;ntb=1\" target=\"_blank\" rel=\"noreferrer noopener\"><strong>1<\/strong><\/a><\/li>\n\n\n\n<li><strong>Sistema de diagn\u00f3stico electr\u00f3nico<\/strong>: Utilizado para detectar y localizar problemas en los componentes del veh\u00edculo.\u00a0<a href=\"https:\/\/www.bing.com\/ck\/a?!&amp;&amp;p=57e6ec7c6646eb7778975309840eae912f4a078451ee7ae0ffd35764abb93324JmltdHM9MTc0ODY0OTYwMA&amp;ptn=3&amp;ver=2&amp;hsh=4&amp;fclid=26a50939-f6fe-6382-25d6-1ce3f7e462e5&amp;u=a1aHR0cHM6Ly9paWFtbXguY29tL2Jsb2cvcHJvY2Vzby1kZS1kaWFnbm9zdGljby1hdXRvbW90cml6Lw&amp;ntb=1\" target=\"_blank\" rel=\"noreferrer noopener\"><\/a><a href=\"https:\/\/www.bing.com\/ck\/a?!&amp;&amp;p=57e6ec7c6646eb7778975309840eae912f4a078451ee7ae0ffd35764abb93324JmltdHM9MTc0ODY0OTYwMA&amp;ptn=3&amp;ver=2&amp;hsh=4&amp;fclid=26a50939-f6fe-6382-25d6-1ce3f7e462e5&amp;u=a1aHR0cHM6Ly9paWFtbXguY29tL2Jsb2cvcHJvY2Vzby1kZS1kaWFnbm9zdGljby1hdXRvbW90cml6Lw&amp;ntb=1\" target=\"_blank\" rel=\"noreferrer noopener\"><\/a><a href=\"https:\/\/www.bing.com\/ck\/a?!&amp;&amp;p=57e6ec7c6646eb7778975309840eae912f4a078451ee7ae0ffd35764abb93324JmltdHM9MTc0ODY0OTYwMA&amp;ptn=3&amp;ver=2&amp;hsh=4&amp;fclid=26a50939-f6fe-6382-25d6-1ce3f7e462e5&amp;u=a1aHR0cHM6Ly9paWFtbXguY29tL2Jsb2cvcHJvY2Vzby1kZS1kaWFnbm9zdGljby1hdXRvbW90cml6Lw&amp;ntb=1\" target=\"_blank\" rel=\"noreferrer noopener\"><strong>1<\/strong><\/a><\/li>\n\n\n\n<li><strong>C\u00f3digos de diagn\u00f3stico<\/strong>: Se generan c\u00f3digos que indican problemas espec\u00edficos, como fugas de l\u00edquidos o fallos en el sistema de frenos.\u00a0<a href=\"https:\/\/www.bing.com\/ck\/a?!&amp;&amp;p=02ee0250b2192bbf50f0e0fb7e889c8b5fd9db8850231ff0be94805814234b2eJmltdHM9MTc0ODY0OTYwMA&amp;ptn=3&amp;ver=2&amp;hsh=4&amp;fclid=26a50939-f6fe-6382-25d6-1ce3f7e462e5&amp;u=a1aHR0cHM6Ly93d3cuYXV0b2RhdGEuZXMvZGlhZ25vc3RpY28tZGVsLWNvY2hlLXBhc29zLWVzZW5jaWFsZXMtcGFyYS1pZGVudGlmaWNhci15LXNvbHVjaW9uYXItcHJvYmxlbWFzLw&amp;ntb=1\" target=\"_blank\" rel=\"noreferrer noopener\"><\/a><a href=\"https:\/\/www.bing.com\/ck\/a?!&amp;&amp;p=02ee0250b2192bbf50f0e0fb7e889c8b5fd9db8850231ff0be94805814234b2eJmltdHM9MTc0ODY0OTYwMA&amp;ptn=3&amp;ver=2&amp;hsh=4&amp;fclid=26a50939-f6fe-6382-25d6-1ce3f7e462e5&amp;u=a1aHR0cHM6Ly93d3cuYXV0b2RhdGEuZXMvZGlhZ25vc3RpY28tZGVsLWNvY2hlLXBhc29zLWVzZW5jaWFsZXMtcGFyYS1pZGVudGlmaWNhci15LXNvbHVjaW9uYXItcHJvYmxlbWFzLw&amp;ntb=1\" target=\"_blank\" rel=\"noreferrer noopener\"><\/a><a href=\"https:\/\/www.bing.com\/ck\/a?!&amp;&amp;p=02ee0250b2192bbf50f0e0fb7e889c8b5fd9db8850231ff0be94805814234b2eJmltdHM9MTc0ODY0OTYwMA&amp;ptn=3&amp;ver=2&amp;hsh=4&amp;fclid=26a50939-f6fe-6382-25d6-1ce3f7e462e5&amp;u=a1aHR0cHM6Ly93d3cuYXV0b2RhdGEuZXMvZGlhZ25vc3RpY28tZGVsLWNvY2hlLXBhc29zLWVzZW5jaWFsZXMtcGFyYS1pZGVudGlmaWNhci15LXNvbHVjaW9uYXItcHJvYmxlbWFzLw&amp;ntb=1\" target=\"_blank\" rel=\"noreferrer noopener\"><strong>1<\/strong><\/a><\/li>\n\n\n\n<li><strong>Pruebas f\u00edsicas<\/strong>: Se realizan pruebas en los sistemas del veh\u00edculo para verificar su funcionamiento.\u00a0<a href=\"https:\/\/www.bing.com\/ck\/a?!&amp;&amp;p=3235ad6c1373b3cdb80a371025c8ad3f0dc4521b5795ef3d7a0ce99d6b80ca5fJmltdHM9MTc0ODY0OTYwMA&amp;ptn=3&amp;ver=2&amp;hsh=4&amp;fclid=26a50939-f6fe-6382-25d6-1ce3f7e462e5&amp;u=a1aHR0cHM6Ly9paWFtbXguY29tL2Jsb2cvcXVlLWVzLXVuLXByb2Nlc28tZGUtZGlhZ25vc3RpY28tYXV0b21vdHJpei8&amp;ntb=1\" target=\"_blank\" rel=\"noreferrer noopener\"><\/a><a href=\"https:\/\/www.bing.com\/ck\/a?!&amp;&amp;p=3235ad6c1373b3cdb80a371025c8ad3f0dc4521b5795ef3d7a0ce99d6b80ca5fJmltdHM9MTc0ODY0OTYwMA&amp;ptn=3&amp;ver=2&amp;hsh=4&amp;fclid=26a50939-f6fe-6382-25d6-1ce3f7e462e5&amp;u=a1aHR0cHM6Ly9paWFtbXguY29tL2Jsb2cvcXVlLWVzLXVuLXByb2Nlc28tZGUtZGlhZ25vc3RpY28tYXV0b21vdHJpei8&amp;ntb=1\" target=\"_blank\" rel=\"noreferrer noopener\"><\/a><a href=\"https:\/\/www.bing.com\/ck\/a?!&amp;&amp;p=3235ad6c1373b3cdb80a371025c8ad3f0dc4521b5795ef3d7a0ce99d6b80ca5fJmltdHM9MTc0ODY0OTYwMA&amp;ptn=3&amp;ver=2&amp;hsh=4&amp;fclid=26a50939-f6fe-6382-25d6-1ce3f7e462e5&amp;u=a1aHR0cHM6Ly9paWFtbXguY29tL2Jsb2cvcXVlLWVzLXVuLXByb2Nlc28tZGUtZGlhZ25vc3RpY28tYXV0b21vdHJpei8&amp;ntb=1\" target=\"_blank\" rel=\"noreferrer noopener\"><strong>1<\/strong><\/a><\/li>\n\n\n\n<li><strong>Reparaciones<\/strong>: Una vez identificados los problemas, se llevan a cabo las reparaciones necesarias para garantizar el buen funcionamiento del veh\u00edculo.\u00a0<a href=\"https:\/\/www.bing.com\/ck\/a?!&amp;&amp;p=57e6ec7c6646eb7778975309840eae912f4a078451ee7ae0ffd35764abb93324JmltdHM9MTc0ODY0OTYwMA&amp;ptn=3&amp;ver=2&amp;hsh=4&amp;fclid=26a50939-f6fe-6382-25d6-1ce3f7e462e5&amp;u=a1aHR0cHM6Ly9paWFtbXguY29tL2Jsb2cvcHJvY2Vzby1kZS1kaWFnbm9zdGljby1hdXRvbW90cml6Lw&amp;ntb=1\" target=\"_blank\" rel=\"noreferrer noopener\"><\/a><a href=\"https:\/\/www.bing.com\/ck\/a?!&amp;&amp;p=57e6ec7c6646eb7778975309840eae912f4a078451ee7ae0ffd35764abb93324JmltdHM9MTc0ODY0OTYwMA&amp;ptn=3&amp;ver=2&amp;hsh=4&amp;fclid=26a50939-f6fe-6382-25d6-1ce3f7e462e5&amp;u=a1aHR0cHM6Ly9paWFtbXguY29tL2Jsb2cvcHJvY2Vzby1kZS1kaWFnbm9zdGljby1hdXRvbW90cml6Lw&amp;ntb=1\" target=\"_blank\" rel=\"noreferrer noopener\"><\/a><a href=\"https:\/\/www.bing.com\/ck\/a?!&amp;&amp;p=57e6ec7c6646eb7778975309840eae912f4a078451ee7ae0ffd35764abb93324JmltdHM9MTc0ODY0OTYwMA&amp;ptn=3&amp;ver=2&amp;hsh=4&amp;fclid=26a50939-f6fe-6382-25d6-1ce3f7e462e5&amp;u=a1aHR0cHM6Ly9paWFtbXguY29tL2Jsb2cvcHJvY2Vzby1kZS1kaWFnbm9zdGljby1hdXRvbW90cml6Lw&amp;ntb=1\" target=\"_blank\" rel=\"noreferrer noopener\"><strong>1<\/strong><\/a><br>Este proceso es fundamental para mantener la seguridad y eficiencia del veh\u00edculo, as\u00ed como para evitar costos elevados en reparaciones futuras.\u00a0<a href=\"https:\/\/www.bing.com\/ck\/a?!&amp;&amp;p=2eedbc2dba4aff4867d17576704337f196814b2da6e25aaa3b8f29d383f90c1bJmltdHM9MTc0ODY0OTYwMA&amp;ptn=3&amp;ver=2&amp;hsh=4&amp;fclid=26a50939-f6fe-6382-25d6-1ce3f7e462e5&amp;u=a1aHR0cHM6Ly9pbmR1c3RyaWFwZWRpYS5jb20vcXVlLXNvbi1sb3MtZGlhZ25vc3RpY29zLWRlbC12ZWhpY3Vsby8&amp;ntb=1\" target=\"_blank\" rel=\"noreferrer noopener\"><\/a><a href=\"https:\/\/www.bing.com\/ck\/a?!&amp;&amp;p=2eedbc2dba4aff4867d17576704337f196814b2da6e25aaa3b8f29d383f90c1bJmltdHM9MTc0ODY0OTYwMA&amp;ptn=3&amp;ver=2&amp;hsh=4&amp;fclid=26a50939-f6fe-6382-25d6-1ce3f7e462e5&amp;u=a1aHR0cHM6Ly9pbmR1c3RyaWFwZWRpYS5jb20vcXVlLXNvbi1sb3MtZGlhZ25vc3RpY29zLWRlbC12ZWhpY3Vsby8&amp;ntb=1\" target=\"_blank\" rel=\"noreferrer noopener\"><\/a><a href=\"https:\/\/www.bing.com\/ck\/a?!&amp;&amp;p=2eedbc2dba4aff4867d17576704337f196814b2da6e25aaa3b8f29d383f90c1bJmltdHM9MTc0ODY0OTYwMA&amp;ptn=3&amp;ver=2&amp;hsh=4&amp;fclid=26a50939-f6fe-6382-25d6-1ce3f7e462e5&amp;u=a1aHR0cHM6Ly9pbmR1c3RyaWFwZWRpYS5jb20vcXVlLXNvbi1sb3MtZGlhZ25vc3RpY29zLWRlbC12ZWhpY3Vsby8&amp;ntb=1\" target=\"_blank\" rel=\"noreferrer noopener\"><strong>1<\/strong><\/a><\/li>\n<\/ul>\n","protected":false},"excerpt":{"rendered":"<p>El&nbsp;diagn\u00f3stico del auto&nbsp;es un proceso esencial para identificar y resolver problemas en un veh\u00edculo. Este proceso implica varias etapas, que incluyen:<\/p>\n","protected":false},"author":1,"featured_media":0,"parent":0,"menu_order":0,"comment_status":"closed","ping_status":"closed","template":"","meta":{"_acf_changed":false,"pagelayer_contact_templates":[],"_pagelayer_content":"","footnotes":""},"class_list":["post-113","page","type-page","status-publish","hentry"],"acf":[],"_links":{"self":[{"href":"https:\/\/autopowerflorida.com\/index.php?rest_route=\/wp\/v2\/pages\/113","targetHints":{"allow":["GET"]}}],"collection":[{"href":"https:\/\/autopowerflorida.com\/index.php?rest_route=\/wp\/v2\/pages"}],"about":[{"href":"https:\/\/autopowerflorida.com\/index.php?rest_route=\/wp\/v2\/types\/page"}],"author":[{"embeddable":true,"href":"https:\/\/autopowerflorida.com\/index.php?rest_route=\/wp\/v2\/users\/1"}],"replies":[{"embeddable":true,"href":"https:\/\/autopowerflorida.com\/index.php?rest_route=%2Fwp%2Fv2%2Fcomments&post=113"}],"version-history":[{"count":1,"href":"https:\/\/autopowerflorida.com\/index.php?rest_route=\/wp\/v2\/pages\/113\/revisions"}],"predecessor-version":[{"id":115,"href":"https:\/\/autopowerflorida.com\/index.php?rest_route=\/wp\/v2\/pages\/113\/revisions\/115"}],"wp:attachment":[{"href":"https:\/\/autopowerflorida.com\/index.php?rest_route=%2Fwp%2Fv2%2Fmedia&parent=113"}],"curies":[{"name":"wp","href":"https:\/\/api.w.org\/{rel}","templated":true}]}}